{"id":6,"date":"2023-03-30T15:36:51","date_gmt":"2023-03-30T13:36:51","guid":{"rendered":"https:\/\/opas.eu\/?page_id=6"},"modified":"2024-05-15T13:21:04","modified_gmt":"2024-05-15T11:21:04","slug":"startseite","status":"publish","type":"page","link":"https:\/\/opas.eu\/pt\/","title":{"rendered":"P\u00e1gina inicial"},"content":{"rendered":"","protected":false},"excerpt":{"rendered":"","protected":false},"author":2,"featured_media":0,"parent":0,"menu_order":0,"comment_status":"closed","ping_status":"closed","template":"","meta":{"_acf_changed":false,"inline_featured_image":false,"footnotes":""},"class_list":["post-6","page","type-page","status-publish","hentry"],"acf":[],"yoast_head":"<!-- This site is optimized with the Yoast SEO plugin v27.2 - https:\/\/yoast.com\/product\/yoast-seo-wordpress\/ -->\n<title>OPAS | orchestra planning &amp; administration system<\/title>\n<meta name=\"description\" content=\"Vertrauen Sie OPAS, Ihrem zuverl\u00e4ssigen Partner f\u00fcr Orchester und Ensemblemanagement-Software.Wir bringen mehr als 30 Jahre Erfahrung mit und helfen Ihnen, Ihre Arbeitsabl\u00e4ufe zu optimieren, um Zeit und Aufwand zu sparen. Erleben Sie mehr Effizienz und lassen Sie uns gemeinsam Ihre Ziele erreichen.\" \/>\n<meta name=\"robots\" content=\"index, follow, max-snippet:-1, max-image-preview:large, max-video-preview:-1\" \/>\n<link rel=\"canonical\" href=\"https:\/\/opas.eu\/pt\/\" \/>\n<meta property=\"og:locale\" content=\"pt_BR\" \/>\n<meta property=\"og:type\" content=\"article\" \/>\n<meta property=\"og:title\" content=\"OPAS | orchestra planning &amp; administration system\" \/>\n<meta property=\"og:description\" content=\"Vertrauen Sie OPAS, Ihrem zuverl\u00e4ssigen Partner f\u00fcr Orchester und Ensemblemanagement-Software.Wir bringen mehr als 30 Jahre Erfahrung mit und helfen Ihnen, Ihre Arbeitsabl\u00e4ufe zu optimieren, um Zeit und Aufwand zu sparen. Erleben Sie mehr Effizienz und lassen Sie uns gemeinsam Ihre Ziele erreichen.\" \/>\n<meta property=\"og:url\" content=\"https:\/\/opas.eu\/pt\/\" \/>\n<meta property=\"og:site_name\" content=\"OPAS Software GmbH\" \/>\n<meta property=\"article:modified_time\" content=\"2024-05-15T11:21:04+00:00\" \/>\n<meta property=\"og:image\" content=\"https:\/\/opas.eu\/wp-content\/uploads\/2023\/04\/hero.png\" \/>\n\t<meta property=\"og:image:width\" content=\"1560\" \/>\n\t<meta property=\"og:image:height\" content=\"1345\" \/>\n\t<meta property=\"og:image:type\" content=\"image\/png\" \/>\n<meta name=\"twitter:card\" content=\"summary_large_image\" \/>\n<script type=\"application\/ld+json\" class=\"yoast-schema-graph\">{\"@context\":\"https:\/\/schema.org\",\"@graph\":[{\"@type\":\"WebPage\",\"@id\":\"https:\/\/opas.eu\/\",\"url\":\"https:\/\/opas.eu\/\",\"name\":\"OPAS | orchestra planning & administration system\",\"isPartOf\":{\"@id\":\"https:\/\/opas.eu\/#website\"},\"datePublished\":\"2023-03-30T13:36:51+00:00\",\"dateModified\":\"2024-05-15T11:21:04+00:00\",\"description\":\"Vertrauen Sie OPAS, Ihrem zuverl\u00e4ssigen Partner f\u00fcr Orchester und Ensemblemanagement-Software.Wir bringen mehr als 30 Jahre Erfahrung mit und helfen Ihnen, Ihre Arbeitsabl\u00e4ufe zu optimieren, um Zeit und Aufwand zu sparen. Erleben Sie mehr Effizienz und lassen Sie uns gemeinsam Ihre Ziele erreichen.\",\"breadcrumb\":{\"@id\":\"https:\/\/opas.eu\/#breadcrumb\"},\"inLanguage\":\"pt-BR\",\"potentialAction\":[{\"@type\":\"ReadAction\",\"target\":[\"https:\/\/opas.eu\/\"]}]},{\"@type\":\"BreadcrumbList\",\"@id\":\"https:\/\/opas.eu\/#breadcrumb\",\"itemListElement\":[{\"@type\":\"ListItem\",\"position\":1,\"name\":\"Startseite\",\"item\":\"https:\/\/opas.eu\/\"},{\"@type\":\"ListItem\",\"position\":2,\"name\":\"Startseite\"}]},{\"@type\":\"WebSite\",\"@id\":\"https:\/\/opas.eu\/#website\",\"url\":\"https:\/\/opas.eu\/\",\"name\":\"OPAS Software GmbH\",\"description\":\"orchestra planning &amp; administration system\",\"publisher\":{\"@id\":\"https:\/\/opas.eu\/#organization\"},\"potentialAction\":[{\"@type\":\"SearchAction\",\"target\":{\"@type\":\"EntryPoint\",\"urlTemplate\":\"https:\/\/opas.eu\/?s={search_term_string}\"},\"query-input\":{\"@type\":\"PropertyValueSpecification\",\"valueRequired\":true,\"valueName\":\"search_term_string\"}}],\"inLanguage\":\"pt-BR\"},{\"@type\":\"Organization\",\"@id\":\"https:\/\/opas.eu\/#organization\",\"name\":\"OPAS Software GmbH\",\"url\":\"https:\/\/opas.eu\/\",\"logo\":{\"@type\":\"ImageObject\",\"inLanguage\":\"pt-BR\",\"@id\":\"https:\/\/opas.eu\/#\/schema\/logo\/image\/\",\"url\":\"https:\/\/opas.eu\/wp-content\/uploads\/2023\/04\/cropped-favicon.png\",\"contentUrl\":\"https:\/\/opas.eu\/wp-content\/uploads\/2023\/04\/cropped-favicon.png\",\"width\":512,\"height\":512,\"caption\":\"OPAS Software GmbH\"},\"image\":{\"@id\":\"https:\/\/opas.eu\/#\/schema\/logo\/image\/\"}}]}<\/script>\n<!-- \/ Yoast SEO plugin. -->","yoast_head_json":{"title":"OPAS | Sistema de planejamento e administra\u00e7\u00e3o de orquestra","description":"Confie na OPAS, seu parceiro confi\u00e1vel para software de gerenciamento de orquestras e conjuntos, com mais de 30 anos de experi\u00eancia para ajud\u00e1-lo a otimizar seus fluxos de trabalho e economizar tempo e esfor\u00e7o. Experimente mais efici\u00eancia e deixe-nos alcan\u00e7ar seus objetivos juntos.","robots":{"index":"index","follow":"follow","max-snippet":"max-snippet:-1","max-image-preview":"max-image-preview:large","max-video-preview":"max-video-preview:-1"},"canonical":"https:\/\/opas.eu\/pt\/","og_locale":"pt_BR","og_type":"article","og_title":"OPAS | orchestra planning & administration system","og_description":"Vertrauen Sie OPAS, Ihrem zuverl\u00e4ssigen Partner f\u00fcr Orchester und Ensemblemanagement-Software.Wir bringen mehr als 30 Jahre Erfahrung mit und helfen Ihnen, Ihre Arbeitsabl\u00e4ufe zu optimieren, um Zeit und Aufwand zu sparen. Erleben Sie mehr Effizienz und lassen Sie uns gemeinsam Ihre Ziele erreichen.","og_url":"https:\/\/opas.eu\/pt\/","og_site_name":"OPAS Software GmbH","article_modified_time":"2024-05-15T11:21:04+00:00","og_image":[{"width":1560,"height":1345,"url":"https:\/\/opas.eu\/wp-content\/uploads\/2023\/04\/hero.png","type":"image\/png"}],"twitter_card":"summary_large_image","schema":{"@context":"https:\/\/schema.org","@graph":[{"@type":"WebPage","@id":"https:\/\/opas.eu\/","url":"https:\/\/opas.eu\/","name":"OPAS | Sistema de planejamento e administra\u00e7\u00e3o de orquestra","isPartOf":{"@id":"https:\/\/opas.eu\/#website"},"datePublished":"2023-03-30T13:36:51+00:00","dateModified":"2024-05-15T11:21:04+00:00","description":"Confie na OPAS, seu parceiro confi\u00e1vel para software de gerenciamento de orquestras e conjuntos, com mais de 30 anos de experi\u00eancia para ajud\u00e1-lo a otimizar seus fluxos de trabalho e economizar tempo e esfor\u00e7o. Experimente mais efici\u00eancia e deixe-nos alcan\u00e7ar seus objetivos juntos.","breadcrumb":{"@id":"https:\/\/opas.eu\/#breadcrumb"},"inLanguage":"pt-BR","potentialAction":[{"@type":"ReadAction","target":["https:\/\/opas.eu\/"]}]},{"@type":"BreadcrumbList","@id":"https:\/\/opas.eu\/#breadcrumb","itemListElement":[{"@type":"ListItem","position":1,"name":"Startseite","item":"https:\/\/opas.eu\/"},{"@type":"ListItem","position":2,"name":"Startseite"}]},{"@type":"WebSite","@id":"https:\/\/opas.eu\/#website","url":"https:\/\/opas.eu\/","name":"OPAS Software GmbH","description":"Sistema de planejamento e administra\u00e7\u00e3o de orquestra","publisher":{"@id":"https:\/\/opas.eu\/#organization"},"potentialAction":[{"@type":"SearchAction","target":{"@type":"EntryPoint","urlTemplate":"https:\/\/opas.eu\/?s={search_term_string}"},"query-input":{"@type":"PropertyValueSpecification","valueRequired":true,"valueName":"search_term_string"}}],"inLanguage":"pt-BR"},{"@type":"Organization","@id":"https:\/\/opas.eu\/#organization","name":"OPAS Software GmbH","url":"https:\/\/opas.eu\/","logo":{"@type":"ImageObject","inLanguage":"pt-BR","@id":"https:\/\/opas.eu\/#\/schema\/logo\/image\/","url":"https:\/\/opas.eu\/wp-content\/uploads\/2023\/04\/cropped-favicon.png","contentUrl":"https:\/\/opas.eu\/wp-content\/uploads\/2023\/04\/cropped-favicon.png","width":512,"height":512,"caption":"OPAS Software GmbH"},"image":{"@id":"https:\/\/opas.eu\/#\/schema\/logo\/image\/"}}]}},"_links":{"self":[{"href":"https:\/\/opas.eu\/pt\/wp-json\/wp\/v2\/pages\/6","targetHints":{"allow":["GET"]}}],"collection":[{"href":"https:\/\/opas.eu\/pt\/wp-json\/wp\/v2\/pages"}],"about":[{"href":"https:\/\/opas.eu\/pt\/wp-json\/wp\/v2\/types\/page"}],"author":[{"embeddable":true,"href":"https:\/\/opas.eu\/pt\/wp-json\/wp\/v2\/users\/2"}],"replies":[{"embeddable":true,"href":"https:\/\/opas.eu\/pt\/wp-json\/wp\/v2\/comments?post=6"}],"version-history":[{"count":102,"href":"https:\/\/opas.eu\/pt\/wp-json\/wp\/v2\/pages\/6\/revisions"}],"predecessor-version":[{"id":589,"href":"https:\/\/opas.eu\/pt\/wp-json\/wp\/v2\/pages\/6\/revisions\/589"}],"wp:attachment":[{"href":"https:\/\/opas.eu\/pt\/wp-json\/wp\/v2\/media?parent=6"}],"curies":[{"name":"wp","href":"https:\/\/api.w.org\/{rel}","templated":true}]}}